{"id":10,"date":"2013-10-15T14:51:11","date_gmt":"2013-10-15T12:51:11","guid":{"rendered":"http:\/\/www.halvhalt.org\/?page_id=10"},"modified":"2014-04-04T12:51:15","modified_gmt":"2014-04-04T10:51:15","slug":"forelasningar","status":"publish","type":"page","link":"https:\/\/www.halvhalt.org\/?page_id=10","title":{"rendered":"F\u00f6rel\u00e4sningar"},"content":{"rendered":"<div><span style=\"color: #0000ff;\"><strong>Den 26:e mars h\u00f6ll vi en mycket uppskattad f\u00f6rel\u00e4sning f\u00f6r personalen p\u00e5 Christinaskolan p\u00e5 Liding\u00f6. Temat var en kombination av inifr\u00e5nperspektiv, sj\u00e4lvmedicinering och skolmilj\u00f6.<\/strong><\/span><\/div>\n<p><span style=\"color: #0000ff;\"><strong>Skicka g\u00e4rna ett mail eller fyll i formul\u00e4ret ifall du vill veta mer denna f\u00f6rel\u00e4sning och vad vi kan g\u00f6ra f\u00f6r er skola eller personal.\u00a0<\/strong><\/span><\/p>\n<p><a href=\"http:\/\/www.halvhalt.org\/wp-content\/uploads\/2013\/10\/halvhalt_produktblad_140207.pdf\" target=\"_blank\">Ladda ner tj\u00e4nstebeskrivning i pdf-format<\/a><\/p>\n<p>Vi genomf\u00f6r f\u00f6rel\u00e4sningar med n\u00e5gra olika teman. Vi anpassar l\u00e4ngd och inneh\u00e5ll efter era \u00f6nskem\u00e5l; alltifr\u00e5n en timme och upp\u00e5t. Bland annat kan n\u00e5gon eller n\u00e5gra av dessa ingredienser ing\u00e5:<\/p>\n<ul>\n<li>\n<p align=\"JUSTIFY\"><strong>Att vara halvhalt.<\/strong> F\u00f6rel\u00e4sning om v\u00e5ra diagnoser utifr\u00e5n ett inifr\u00e5nperspektiv, boken Halvhalt och dess tillkommande.<\/p>\n<\/li>\n<li>\n<p align=\"JUSTIFY\"><strong>Sj\u00e4lvmedicineringens ABC<\/strong>. Mer ing\u00e5ende om diagnoserna och varf\u00f6r tillg\u00e5ngen till signalsubstanser \u00e4r helt centralt f\u00f6r dessa diagnoser och ofta avg\u00f6r p\u00e5 vilken sida om den h\u00e5rfina linjen mellan handikapp och att \u00f6verprestation, vi befinner oss.<\/p>\n<\/li>\n<li>\n<p align=\"JUSTIFY\"><strong>Asperger, ADHD\/ADD kopplat till skolan<\/strong>. Vad inneb\u00e4r det att som barn inte ha tillg\u00e5ng till normal niv\u00e5 av signalsubstanser? Hur p\u00e5verkar det skolarbete och sociala relationer? Vad kan f\u00f6rb\u00e4ttras?<\/p>\n<\/li>\n<li>\n<p align=\"JUSTIFY\"><strong>ADHD\/AS &amp; \u00e4tst\u00f6rningar.<\/strong> \u00c4nnu mer ing\u00e5ende om kopplingen mellan \u00e4tst\u00f6rningar, Asperger\/ADHD och snabba kolhydrater som sj\u00e4lvmedicinering. Varf\u00f6r \u00e4r det s\u00e5 vanligt? Och vad kan man g\u00f6ra \u00e5t det?<\/p>\n<\/li>\n<li>\n<p align=\"JUSTIFY\"><strong>Ledarskap och arbetsmilj\u00f6.<\/strong> Vi finns i alla organisationer, b\u00e5de som chefer och medarbetare. Vi tittar p\u00e5 personlighetstyper kontra diagnoser och kopplar det till ledarskap. M\u00e5let \u00e4r f\u00f6rst\u00e5s att beskriva en milj\u00f6 d\u00e4r vi kan \u00f6verprestera ist\u00e4llet f\u00f6r tv\u00e4rtom, vilket tyv\u00e4rr ofta blir fallet i skolan och p\u00e5 arbetsplatser. Och d\u00e5 ofta p\u00e5 grund av okunskap om vad som kr\u00e4vs.<\/p>\n<\/li>\n<\/ul>\n<div>L\u00e5ter det intressant f\u00f6r dig och din organisation? Fyll i dina uppgifter h\u00e4r s\u00e5 kontaktar vi dig.<\/div>\n<div><\/div>\n<div><\/div>\n<div><\/div>\n<p>[contact-form-7 id=&#8221;56&#8243; title=&#8221;Kontaktformul\u00e4r 1&#8243;]<\/p>\n<p>&nbsp;<\/p>\n","protected":false},"excerpt":{"rendered":"<p>Den 26:e mars h\u00f6ll vi en mycket uppskattad f\u00f6rel\u00e4sning f\u00f6r personalen p\u00e5 Christinaskolan p\u00e5 Liding\u00f6. Temat var en kombination av inifr\u00e5nperspektiv, sj\u00e4lvmedicinering och skolmilj\u00f6. Skicka g\u00e4rna ett mail eller fyll i formul\u00e4ret ifall du vill veta mer denna f\u00f6rel\u00e4sning och &hellip; <a href=\"https:\/\/www.halvhalt.org\/?page_id=10\">Forts\u00e4tt l\u00e4sa <span class=\"meta-nav\">&rarr;<\/span><\/a><\/p>\n","protected":false},"author":1,"featured_media":0,"parent":0,"menu_order":0,"comment_status":"open","ping_status":"open","template":"","meta":{"footnotes":""},"_links":{"self":[{"href":"https:\/\/www.halvhalt.org\/index.php?rest_route=\/wp\/v2\/pages\/10"}],"collection":[{"href":"https:\/\/www.halvhalt.org\/index.php?rest_route=\/wp\/v2\/pages"}],"about":[{"href":"https:\/\/www.halvhalt.org\/index.php?rest_route=\/wp\/v2\/types\/page"}],"author":[{"embeddable":true,"href":"https:\/\/www.halvhalt.org\/index.php?rest_route=\/wp\/v2\/users\/1"}],"replies":[{"embeddable":true,"href":"https:\/\/www.halvhalt.org\/index.php?rest_route=%2Fwp%2Fv2%2Fcomments&post=10"}],"version-history":[{"count":22,"href":"https:\/\/www.halvhalt.org\/index.php?rest_route=\/wp\/v2\/pages\/10\/revisions"}],"predecessor-version":[{"id":276,"href":"https:\/\/www.halvhalt.org\/index.php?rest_route=\/wp\/v2\/pages\/10\/revisions\/276"}],"wp:attachment":[{"href":"https:\/\/www.halvhalt.org\/index.php?rest_route=%2Fwp%2Fv2%2Fmedia&parent=10"}],"curies":[{"name":"wp","href":"https:\/\/api.w.org\/{rel}","templated":true}]}}