{"id":181,"date":"2013-12-23T09:47:47","date_gmt":"2013-12-23T08:47:47","guid":{"rendered":"http:\/\/www.halvhalt.org\/?page_id=181"},"modified":"2013-12-23T09:47:47","modified_gmt":"2013-12-23T08:47:47","slug":"bokus","status":"publish","type":"page","link":"https:\/\/www.halvhalt.org\/?page_id=181","title":{"rendered":"bokus"},"content":{"rendered":"<p><a href=\"http:\/\/www.bokus.com\/bok\/9789163742736\/halvhalt-om-att-forsoka-leva-ett-normalt-liv-med-diagnoserna-aspergers-syndrom-adhd-och-bulimi\/\" target=\"_blank\" title=\"Visa Halvhalt - Om att f\u00f6rs\u00f6ka leva ett normalt liv med diagnoserna Aspergers syndrom, ADHD och bulimi (h\u00e4ftad) p\u00e5 Bokus\"><img decoding=\"async\" src=\"http:\/\/image.bokus.com\/images2\/9789163742736_200_halvhalt-om-att-forsoka-leva-ett-normalt-liv-med-diagnoserna-aspergers-syndrom-adhd-och-bulimi_haftad\" alt=\"Bokomslag Halvhalt - Om att f\u00f6rs\u00f6ka leva ett normalt liv med diagnoserna Aspergers syndrom, ADHD och bulimi (h\u00e4ftad)\"><\/a><\/p>\n","protected":false},"excerpt":{"rendered":"","protected":false},"author":3,"featured_media":0,"parent":8,"menu_order":0,"comment_status":"open","ping_status":"open","template":"","meta":{"footnotes":""},"_links":{"self":[{"href":"https:\/\/www.halvhalt.org\/index.php?rest_route=\/wp\/v2\/pages\/181"}],"collection":[{"href":"https:\/\/www.halvhalt.org\/index.php?rest_route=\/wp\/v2\/pages"}],"about":[{"href":"https:\/\/www.halvhalt.org\/index.php?rest_route=\/wp\/v2\/types\/page"}],"author":[{"embeddable":true,"href":"https:\/\/www.halvhalt.org\/index.php?rest_route=\/wp\/v2\/users\/3"}],"replies":[{"embeddable":true,"href":"https:\/\/www.halvhalt.org\/index.php?rest_route=%2Fwp%2Fv2%2Fcomments&post=181"}],"version-history":[{"count":1,"href":"https:\/\/www.halvhalt.org\/index.php?rest_route=\/wp\/v2\/pages\/181\/revisions"}],"predecessor-version":[{"id":182,"href":"https:\/\/www.halvhalt.org\/index.php?rest_route=\/wp\/v2\/pages\/181\/revisions\/182"}],"up":[{"embeddable":true,"href":"https:\/\/www.halvhalt.org\/index.php?rest_route=\/wp\/v2\/pages\/8"}],"wp:attachment":[{"href":"https:\/\/www.halvhalt.org\/index.php?rest_route=%2Fwp%2Fv2%2Fmedia&parent=181"}],"curies":[{"name":"wp","href":"https:\/\/api.w.org\/{rel}","templated":true}]}}