{"id":35,"date":"2013-12-03T12:04:46","date_gmt":"2013-12-03T11:04:46","guid":{"rendered":"http:\/\/www.halvhalt.org\/?page_id=35"},"modified":"2014-02-13T11:48:47","modified_gmt":"2014-02-13T10:48:47","slug":"radgivning-och-coaching","status":"publish","type":"page","link":"https:\/\/www.halvhalt.org\/?page_id=35","title":{"rendered":"R\u00e5dgivning och utbildning"},"content":{"rendered":"<p><a href=\"http:\/\/www.halvhalt.org\/wp-content\/uploads\/2013\/10\/halvhalt_produktblad_140207.pdf\" target=\"_blank\">Ladda ner tj\u00e4nstebeskrivning i pdf-format<\/a><\/p>\n<p>Om du representerar ett f\u00f6retag eller en organisation som s\u00f6ker kompetens som dels har gedigen arbetslivserfarenhet fr\u00e5n olika omr\u00e5den samt en djup insikt i hur det \u00e4r att leva med dolda handikapp s\u00e5 tveka inte att kontakta oss.<\/p>\n<p>Vi skr\u00e4ddarsyr insatser d\u00e4r vi framf\u00f6rallt inriktar vi oss p\u00e5 det vi kallar positiv sj\u00e4lvmedicinering. V\u00e5r erfarenhet \u00e4r att denna \u00e4r central f\u00f6r v\u00e4lbefinnandet.\u00a0Framf\u00f6rallt vet vi vilka utmaningar det inneb\u00e4r att f\u00f6rs\u00f6ka m\u00e5 bra n\u00e4r man inte alltid har oddsen p\u00e5 sin sida. Vi vill fokusera p\u00e5 metoder d\u00e4r sj\u00e4lvmedicineringen kan v\u00e4ndas till en f\u00f6rdel.<\/p>\n<p>Vi hj\u00e4lper till med coaching, samtalsterapi och utbildning utifr\u00e5n behov. Generellt handlar det om att vi med ADHD och AS personlighet visserligen har svagheter, men ocks\u00e5 styrkor som till exempel starkt driv, kreativitet,\u00a0stort fokus, analysf\u00f6rm\u00e5ga, noggrannhet, uth\u00e5llighet, med mera. Dessa styrkor\u00a0skall anv\u00e4ndas och vi hj\u00e4lper till att peka ut riktningen.<\/p>\n<ul>\n<li>\n<p align=\"JUSTIFY\"><strong>Utbildning f\u00f6r organisationer och f\u00f6retag<\/strong> inom ledning av och f\u00f6rst\u00e5else f\u00f6r individer med Asperger, ADHD eller liknande diagnoser.<\/p>\n<\/li>\n<li>\n<p align=\"JUSTIFY\"><strong>Workshops och utbildningar f\u00f6r mindre grupper<\/strong>. Det kan till exempel handla om sj\u00e4lvskattningar och v\u00e4rderingar f\u00f6r att finna sina m\u00e5l och styrkor.<\/p>\n<\/li>\n<li>\n<p align=\"JUSTIFY\"><strong>Handledning och coaching utifr\u00e5n individuella behov<\/strong>. Det kan handla om personlig utveckling i arbetsrollen som IT-konsult eller kopplingar mellan AS\/ADHD och sj\u00e4lvmedicinering. Tillsammans har vi den bakgrund och erfarenhet som beh\u00f6vs f\u00f6r att se sambanden och kunna hj\u00e4lpa inom flera omr\u00e5den..<\/p>\n<\/li>\n<\/ul>\n<p>&nbsp;<\/p>\n","protected":false},"excerpt":{"rendered":"<p>Ladda ner tj\u00e4nstebeskrivning i pdf-format Om du representerar ett f\u00f6retag eller en organisation som s\u00f6ker kompetens som dels har gedigen arbetslivserfarenhet fr\u00e5n olika omr\u00e5den samt en djup insikt i hur det \u00e4r att leva med dolda handikapp s\u00e5 tveka inte &hellip; <a href=\"https:\/\/www.halvhalt.org\/?page_id=35\">Forts\u00e4tt l\u00e4sa <span class=\"meta-nav\">&rarr;<\/span><\/a><\/p>\n","protected":false},"author":1,"featured_media":0,"parent":0,"menu_order":0,"comment_status":"open","ping_status":"open","template":"","meta":{"footnotes":""},"_links":{"self":[{"href":"https:\/\/www.halvhalt.org\/index.php?rest_route=\/wp\/v2\/pages\/35"}],"collection":[{"href":"https:\/\/www.halvhalt.org\/index.php?rest_route=\/wp\/v2\/pages"}],"about":[{"href":"https:\/\/www.halvhalt.org\/index.php?rest_route=\/wp\/v2\/types\/page"}],"author":[{"embeddable":true,"href":"https:\/\/www.halvhalt.org\/index.php?rest_route=\/wp\/v2\/users\/1"}],"replies":[{"embeddable":true,"href":"https:\/\/www.halvhalt.org\/index.php?rest_route=%2Fwp%2Fv2%2Fcomments&post=35"}],"version-history":[{"count":16,"href":"https:\/\/www.halvhalt.org\/index.php?rest_route=\/wp\/v2\/pages\/35\/revisions"}],"predecessor-version":[{"id":248,"href":"https:\/\/www.halvhalt.org\/index.php?rest_route=\/wp\/v2\/pages\/35\/revisions\/248"}],"wp:attachment":[{"href":"https:\/\/www.halvhalt.org\/index.php?rest_route=%2Fwp%2Fv2%2Fmedia&parent=35"}],"curies":[{"name":"wp","href":"https:\/\/api.w.org\/{rel}","templated":true}]}}