{"id":97,"date":"2013-12-05T16:49:47","date_gmt":"2013-12-05T15:49:47","guid":{"rendered":"http:\/\/www.halvhalt.org\/?page_id=97"},"modified":"2013-12-12T14:18:23","modified_gmt":"2013-12-12T13:18:23","slug":"erbjudande","status":"publish","type":"page","link":"https:\/\/www.halvhalt.org\/?page_id=97","title":{"rendered":"Halvhalt utan kostnad"},"content":{"rendered":"<p>Om du utan kostnad vill ha ett exemplar av Halvhalt skickat till dig, s\u00e5 fyller du i dina uppgifter h\u00e4r.<\/p>\n<p>[contact-form-7 id=&#8221;96&#8243; title=&#8221;Kontaktformul\u00e4r 1_copy&#8221;]<\/p>\n","protected":false},"excerpt":{"rendered":"<p>Om du utan kostnad vill ha ett exemplar av Halvhalt skickat till dig, s\u00e5 fyller du i dina uppgifter h\u00e4r. [contact-form-7 id=&#8221;96&#8243; title=&#8221;Kontaktformul\u00e4r 1_copy&#8221;]<\/p>\n","protected":false},"author":1,"featured_media":0,"parent":8,"menu_order":0,"comment_status":"open","ping_status":"open","template":"","meta":{"footnotes":""},"_links":{"self":[{"href":"https:\/\/www.halvhalt.org\/index.php?rest_route=\/wp\/v2\/pages\/97"}],"collection":[{"href":"https:\/\/www.halvhalt.org\/index.php?rest_route=\/wp\/v2\/pages"}],"about":[{"href":"https:\/\/www.halvhalt.org\/index.php?rest_route=\/wp\/v2\/types\/page"}],"author":[{"embeddable":true,"href":"https:\/\/www.halvhalt.org\/index.php?rest_route=\/wp\/v2\/users\/1"}],"replies":[{"embeddable":true,"href":"https:\/\/www.halvhalt.org\/index.php?rest_route=%2Fwp%2Fv2%2Fcomments&post=97"}],"version-history":[{"count":8,"href":"https:\/\/www.halvhalt.org\/index.php?rest_route=\/wp\/v2\/pages\/97\/revisions"}],"predecessor-version":[{"id":148,"href":"https:\/\/www.halvhalt.org\/index.php?rest_route=\/wp\/v2\/pages\/97\/revisions\/148"}],"up":[{"embeddable":true,"href":"https:\/\/www.halvhalt.org\/index.php?rest_route=\/wp\/v2\/pages\/8"}],"wp:attachment":[{"href":"https:\/\/www.halvhalt.org\/index.php?rest_route=%2Fwp%2Fv2%2Fmedia&parent=97"}],"curies":[{"name":"wp","href":"https:\/\/api.w.org\/{rel}","templated":true}]}}